{"id":64,"date":"2021-05-13T16:49:23","date_gmt":"2021-05-13T15:49:23","guid":{"rendered":"http:\/\/nattierengenharia.com\/?page_id=64"},"modified":"2021-09-14T11:53:52","modified_gmt":"2021-09-14T10:53:52","slug":"a-empresa","status":"publish","type":"page","link":"https:\/\/nattierengenharia.com\/wp\/?page_id=64","title":{"rendered":"A Empresa"},"content":{"rendered":"\n\n\n<div class=\"av-columns-area\">\n\t\t\t\t<div class=\"av-column-12\">\n\t\t\t\t\t<div class=\"heading-default wow fadeInUp\" style=\"visibility: visible; animation-name: fadeInUp;\">\n\t\t\t\t\t\t\t\t\t\t\t\t\t\t\n\t\t\t\t\t\t\t<h3> A <span class=\"av-heading animate-7\"><span class=\"av-text-wrapper\"><b class=\"is-show\">Empresa<\/b>                                   <b class=\"is-hide\">Empresa<\/b><b class=\"is-hide\">Empresa<\/b><\/span><\/span><\/h3>    \n\t\t\t\t\t\t\t\n\t\t\t\t\t\t\t\t\n<p>                   <\/p>    \n\t\t\t\t\t\t\t\n\t\t\t\t\t<\/div>\n\t\t\t\t<\/div>\n\t\t\t<\/div>\n\n\n\n\n\n\n\n\n\n\n\n\n\n\n\n\n\n\n\n\n\n\n\n\n\n\n\n\n\n<p style=\"text-align: right; \"><span style=\"font-size: 20px; color: rgb(255, 255, 255);\"><strong style=\"line-height: 1;\">LOREM CORPORATE CEO<\/strong><\/span><\/p><p style=\"text-align: center;\"><span style=\"color: rgb(255, 255, 255);\">Duis aute irure dolor in reprehenderit in voluptate velit esse cillum dolore eu fugiat nulla pariatur. Excepteur sint occaecat cupidatat non proident, sunt in culpa qui officia deserunt mollit anim id est laborum.<\/span><\/p><p style=\"text-align: left;\"><sign>\u00a0 \u00a0 \u00a0 <span style=\"line-height: 2.0;\">Benn Marshall<\/span><\/sign><\/p>\n\n\n<p style=\"\">A Nattier Engenharia \u00e9 uma empresa de capital angolano, constitu\u00edda no dia 26 de Julho de 2011, com sede na prov\u00edncia de Luanda e filial na prov\u00edcia do Cunene. Desde a data da sua cria\u00e7\u00e3o, vem desenvolvendo projectos e parcerias, nos mais variados ramos da constru\u00e7\u00e3o civil, conquistando o seu espa\u00e7o no mercado angolano de forma singela, buscando&nbsp;notoriedade&nbsp;&nbsp;e reconhecimento nos trabalhos que&nbsp;<br><\/p>\n<p>desenvolve, desde consultoria em projectos de investimentos, projectos de engenharia civil e arquitectura, bem com a fiscaliza\u00e7\u00e3o de obras, tanto p\u00fablicas como privadas. Com mais de 9 anos no mercado angolano, a Nattier desenvolveu projectos com sucesso em v\u00e1rias prov\u00edcias de Angola, conforme o portf\u00f3lio, com um grande padr\u00e3o&nbsp;de qualidade. Somos uma empresa com quem se pode contar quando pensar em construir ou materializar uma ideia de empreendimento, desde o mais simples ao mais complexo.<br><\/p>\n\n\n\n\n\n\n\n\n<p style=\"text-align: justify; \"><font color=\"#fffff\"><span style=\"font-size: 14px;font-family: Poppins\">Atuar como parceiro dos nossos clientes, transmitindo compet\u00eancias, valores e solu\u00e7\u00f5es atrav\u00e9s de consultoria, forma\u00e7\u00e3o e implementa\u00e7\u00e3o de solu\u00e7\u00f5es tecnol\u00f3gicas em Projectos de Engenharia, Arquitectura e Especialidades.<\/span><\/font><span style=\"font-size: 14px; color: rgb(255, 255, 255); text-transform: inherit;font-family: Poppins\">&nbsp;&nbsp;<\/span><\/p>\n\n\n<p style=\"text-align: justify; \"><font color=\"#ffffff\"><span style=\"font-size: 14px;font-family: Poppins\">Pretendemos ser reconhecidos pelo nosso diferencial de qualidade e uma mais-valia para os nossos clientes,&nbsp;<\/span><\/font><span style=\"font-size: 14px; color: rgb(255, 255, 255); text-transform: inherit;font-family: Poppins\">sendo um parceiro presente no seu dia-a-dia, quando pensarem em materializar os seus sonhos, superando as suas&nbsp;<\/span><span style=\"font-size: 14px; color: rgb(255, 255, 255); text-transform: inherit;font-family: Poppins\">expectativas e fidelizando-os. Ser um elemento ativo e diferenciado na \u00e1rea da gest\u00e3o e elabora\u00e7\u00e3o de Projectos,&nbsp;<\/span><span style=\"font-size: 14px; color: rgb(255, 255, 255); text-transform: inherit;font-family: Poppins\">Consultoria e Fiscaliza\u00e7\u00e3o em Angola, assumindo as nossas responsabilidades profissionais quando chamados,&nbsp;<\/span><span style=\"font-size: 14px; color: rgb(255, 255, 255); text-transform: inherit;font-family: Poppins\">engrandecendo a classe e mudar o paradigma referente a qualidade dos profissionais angolanos, crescendo&nbsp;<\/span><span style=\"text-transform: inherit; font-size: 14px; color: rgb(255, 255, 255);font-family: Poppins\">continuamente em dimens\u00e3o, notoriedade e inova\u00e7\u00e3o dos nossos produtos e servi\u00e7os.<\/span><\/p><p><font color=\"#ffffff\"><span style=\"font-size: 14px;font-family: Poppins\"><br><\/span><\/font><\/p>\n\n\n<p style=\"text-align: justify; \"><font color=\"#ffffff\"><span style=\"font-size: 14px;font-family: Poppins\">Inova\u00e7\u00e3o cont\u00ednua dos nossos produtos, tendo como foco o cliente, priorizando parcerias, captando recursos, fidelizando os clientes e parceiros e estabelecendo uma rela\u00e7\u00e3o assente em honestidade e benef\u00edcio m\u00fatuo.&nbsp;Ser um difusor de sistemas e solu\u00e7\u00f5es \u00fateis&#8230;<\/span><\/font><\/p>\n\n\n","protected":false},"excerpt":{"rendered":"","protected":false},"author":1,"featured_media":0,"parent":0,"menu_order":0,"comment_status":"closed","ping_status":"closed","template":"","meta":{"pagelayer_contact_templates":[],"_pagelayer_content":"","footnotes":""},"class_list":["post-64","page","type-page","status-publish","hentry"],"_links":{"self":[{"href":"https:\/\/nattierengenharia.com\/wp\/index.php?rest_route=\/wp\/v2\/pages\/64","targetHints":{"allow":["GET"]}}],"collection":[{"href":"https:\/\/nattierengenharia.com\/wp\/index.php?rest_route=\/wp\/v2\/pages"}],"about":[{"href":"https:\/\/nattierengenharia.com\/wp\/index.php?rest_route=\/wp\/v2\/types\/page"}],"author":[{"embeddable":true,"href":"https:\/\/nattierengenharia.com\/wp\/index.php?rest_route=\/wp\/v2\/users\/1"}],"replies":[{"embeddable":true,"href":"https:\/\/nattierengenharia.com\/wp\/index.php?rest_route=%2Fwp%2Fv2%2Fcomments&post=64"}],"version-history":[{"count":172,"href":"https:\/\/nattierengenharia.com\/wp\/index.php?rest_route=\/wp\/v2\/pages\/64\/revisions"}],"predecessor-version":[{"id":769,"href":"https:\/\/nattierengenharia.com\/wp\/index.php?rest_route=\/wp\/v2\/pages\/64\/revisions\/769"}],"wp:attachment":[{"href":"https:\/\/nattierengenharia.com\/wp\/index.php?rest_route=%2Fwp%2Fv2%2Fmedia&parent=64"}],"curies":[{"name":"wp","href":"https:\/\/api.w.org\/{rel}","templated":true}]}}